
{"id":1043,"date":"2017-01-24T21:30:39","date_gmt":"2017-01-24T21:30:39","guid":{"rendered":"http:\/\/bhrt-sindikat.ba\/?page_id=1043"},"modified":"2026-02-26T20:48:19","modified_gmt":"2026-02-26T20:48:19","slug":"iz-stampe","status":"publish","type":"page","link":"http:\/\/bhrt-sindikat.ba\/?page_id=1043","title":{"rendered":"Iz \u0161tampe"},"content":{"rendered":"<p><a href=\"https:\/\/radiosarajevo.ba\/vijesti\/bosna-i-hercegovina\/divkovic-upozorava-gasenje-bhrt-generalna-proba-za-gasenje-bih\/627157?fbclid=IwY2xjawQNkJ9leHRuA2FlbQIxMQBicmlkETFld005cVRVcEZLRklQanNCc3J0YwZhcHBfaWQQMjIyMDM5MTc4ODIwMDg5MgABHjoSU79i13e9AbxaGnZCG9HlMytsTQRBgbUw0XcZMay-_syUpTfmcbJHKBWs_aem_pYKKpqSF-xQmr64PYfdqhA\" target=\"_blank\" rel=\"noopener\">&#8211;\u00a0Radio Sarajevo<span class=\"post-time\" data-attribute-id=\"post-time\"> 25.2.26.\u00a0<\/span> Alarm za uzbunu, Divkovi\u0107 upozorava: &#8220;Ga\u0161enje BHRT-a je generalna proba za ga\u0161enje BiH&#8221;<\/a><\/p>\n<p><a href=\"https:\/\/pressmediabih.com\/vijesti\/2026\/25\/02\/rok-za-dogovor-istice-sutra-bhrt-doveden-pred-zid-hoce-li-biti-iskljucen\/?fbclid=IwY2xjawQNkNZleHRuA2FlbQIxMABicmlkETJUajlUR2dKbUFVOXlDbWtHc3J0YwZhcHBfaWQQMjIyMDM5MTc4ODIwMDg5MgABHilSFevOQY2B_HF85oEHQbOEmK26QkGAUzfxlRspsb-8UF7nz5F-rzIGMMbp_aem_QT0CcKcbLc37i5eJuI609A\" target=\"_blank\" rel=\"noopener\">&#8211;\u00a0Press media BiH<span class=\"post-time\" data-attribute-id=\"post-time\"> 25.2.26.\u00a0<\/span> Rok za dogovor isti\u010de sutra: BHRT doveden pred zid, ho\u0107e li biti isklju\u010den? <\/a><\/p>\n<p><a href=\"https:\/\/www.slobodnaevropa.org\/a\/bhrt-rtrs-ftv-dug-pretplata-rtv-taksa-ebu-bosna-hercegovina\/33687015.html\" target=\"_blank\" rel=\"noopener\">&#8211;\u00a0Radio Slobodna Evropa<span class=\"post-time\" data-attribute-id=\"post-time\"> 25.2.26.\u00a0<\/span> Devet miliona razloga za brigu: Kriza Javnog servisa BiH <\/a><\/p>\n<p><a href=\"https:\/\/avaz.ba\/vijesti\/bih\/1010356\/predsjednica-sindikata-radnika-bhrt-a-merima-kurtovic-pasalic-da-vidimo-ko-ce-ugasiti-bhrt\" target=\"_blank\" rel=\"noopener\">&#8211;\u00a0 Avaz <span class=\"post-time\" data-attribute-id=\"post-time\">6.12.25.\u00a0<\/span> Predsjednica Sindikata radnika BHRT-a Merima Kurtovi\u0107-Pa\u0161ali\u0107: Da vidimo ko \u0107e ugasiti BHRT<\/a><\/p>\n<p><a href=\"https:\/\/kurier.at\/politik\/ausland\/bosnien-herzegowina-bhrt-oeffentlicher-rundfunk-eu-beitritt\/403108703\" target=\"_blank\" rel=\"noopener\">&#8211;\u00a0 Kurier <span class=\"post-time\" data-attribute-id=\"post-time\">03.12.25.\u00a0<\/span>Warum dem \u00f6ffentlich-rechtlichen Rundfunk in Bosnien der Kollaps droht<\/a><\/p>\n<p><a href=\"https:\/\/www.media.ba\/bs\/magazin-novinarstvo\/prokisnjavanje-dugovi-nezadovoljstvo-radnika-i-nebriga-politicara-za-bhrt\" target=\"_blank\" rel=\"noopener\">&#8211;\u00a0 Mediacentar <span class=\"post-time\" data-attribute-id=\"post-time\">24.11.25.\u00a0<\/span> Proki\u0161njavanje, dugovi, nezadovoljstvo radnika i nebriga politi\u010dara za BHRT<\/a><\/p>\n<p><a href=\"https:\/\/youtu.be\/LKcKCsrMBmQ?feature=shared&amp;t=624\" target=\"_blank\" rel=\"noopener\">&#8211;\u00a0 BHRT <span class=\"post-time\" data-attribute-id=\"post-time\">3.12.24.\u00a0<\/span> Predstavnici Samostalnog sindikata radnika u BHRT-u odr\u017eali sastanak sa ministrom komunikacija i prometa BiH Edinom Fortom<\/a><\/p>\n<p><a href=\"https:\/\/www.bhrt.ba\/pic-svi-relevantni-akteri-da-se-ulju%C4%8De-u-dijalog-o-dr%C5%BEavnoj-imovini-podr%C5%A1ka-javnom-servisu-bih\" target=\"_blank\" rel=\"noopener\">&#8211;\u00a0 BHRT <span class=\"post-time\" data-attribute-id=\"post-time\">4.12.24.\u00a0<\/span> PIC: Svi relevantni akteri da se uklju\u010de u dijalog o dr\u017eavnoj imovini, podr\u0161ka Javnom servisu BiH <\/a><\/p>\n<p><a href=\"https:\/\/www.youtube.com\/watch?v=FcZRbCvpRcc\" target=\"_blank\" rel=\"noopener\">&#8211;\u00a0 BHRT <span class=\"post-time\" data-attribute-id=\"post-time\">31.10.24.\u00a0<\/span> Op\u0107inski sud u Sarajevu nije uva\u017eio \u017ealbu za obustavu prodaje imovine BHRT-a<\/a><\/p>\n<p><a href=\"https:\/\/n1info.ba\/vijesti\/privremeni-spas-za-bhrt\/\" target=\"_blank\" rel=\"noopener\">&#8211;\u00a0 N1 <span class=\"post-time\" data-attribute-id=\"post-time\">25.9.24.\u00a0<\/span> Privremeni spas za BHRT<\/a><\/p>\n<p><a href=\"https:\/\/www.bhrt.ba\/prodaje-se-imovina-bhrt-a-ima-li-dr%C5%BEava-adekvatan-odgovor-na-to\" target=\"_blank\" rel=\"noopener\">&#8211; BHRT 21.9.24. &#8211; Prodaje se imovina BHRT-a &#8211; ima li dr\u017eava adekvatan odgovor na to?<\/a><\/p>\n<p><a href=\"https:\/\/media.ba\/bs\/vijesti-i-dogadaji-vijesti\/bhrt-i-ftv-potpisali-sporazum-o-saradnji\" target=\"_blank\" rel=\"noopener\">&#8211; Media.ba 31.05.24. &#8211; BHRT i FTV potpisali sporazum o saradnji<\/a><\/p>\n<p><a href=\"https:\/\/www.slobodnaevropa.org\/a\/bhrt-protest-ftv-pretplata-javni-servis-\/32967205.html\" target=\"_blank\" rel=\"noopener\">&#8211; Radio Slobodna Evropa 28.05.24. &#8211; Zbog ka\u0161njenja plata odr\u017ean protest radnika BHRT-a<\/a><\/p>\n<p><a href=\"https:\/\/bosnainfo.ba\/komisija-za-saobracaj-i-komunikacije-trazi-hitno-rjesenje-za-isplatu-plata-radnicima-bhrt-a\/\" target=\"_blank\" rel=\"noopener\">&#8211; Bosnainfo 21.05.24. &#8211; Komisija za saobra\u0107aj i komunikacije tra\u017ei hitno rje\u0161enje za isplatu plata radnicima BHRT-a<\/a><\/p>\n<p><a href=\"https:\/\/www.bhrt.ba\/neizvjesnost-opstanka-bhrt-a-se-nastavlja\" target=\"_blank\" rel=\"noopener\">&#8211; BHRT 14.05.24. &#8211; Neizvjesnost opstanka BHRT-a se nastavlja<\/a><\/p>\n<p><a href=\"https:\/\/bljesak.info\/gospodarstvo\/posao\/sindikat-zahtijeva-hitno-rjesavanje-finansiranja-bhrt-a-i-egzistencijalnih-pitanja-radnika\/443193\" target=\"_blank\" rel=\"noopener\">&#8211; BHRT 13.05.24. Sever: Nedopustivo ostati bez informisanja sa Javnog medijskog servisa<\/a><\/p>\n<p><a href=\"https:\/\/fena.ba\/article\/1569360\/samostalni-sindikat-radnika-u-bhrt-u-poziva-odgovorne-na-odgovornost-prema-uposlenicima\" target=\"_blank\" rel=\"noopener\">&#8211; Fena.ba 27.02.24. Samostalni sindikat radnika u BHRT-u poziva odgovorne na odgovornost prema uposlenicima<\/a><\/p>\n<p><a href=\"https:\/\/radiosarajevo.ba\/vijesti\/bosna-i-hercegovina\/sindikat-radnika-u-bhrt-u-problem-nije-rijesen-trazimo-da-se-pronade-sistemsko-rjesenje\/535059\" target=\"_blank\" rel=\"noopener\">&#8211; Radio Sarajevo 29.02.24. Sindikat radnika u BHRTu: &#8216;Problem nije rije\u0161en, tra\u017eimo da se prona\u0111e sistemsko rje\u0161enje&#8217;<\/a><\/p>\n<p><a href=\"https:\/\/6yka.com\/bih\/cetiri-miliona-za-bhrt-rijesen-mali-dio-problema-finansiranja-ali-stvoren-novi\" target=\"_blank\" rel=\"noopener\">&#8211; Buka 27.02.24. &#8211; \u010cetiri miliona za BHRT: Rije\u0161en mali dio problema finansiranja, ali stvoren novi\u00a0<\/a><\/p>\n<p><a href=\"https:\/\/www.klix.ba\/tagovi\/samostalni-sindikat-radnika-bhrt\/34070\" target=\"_blank\" rel=\"noopener\">&#8211; Klix &#8211; Samostalni sindikat radnika BHRT<\/a><\/p>\n<p><a href=\"https:\/\/izdvojeno.ba\/sindikat-bhrt-dosli-smo-do-zida-i-ovo-je-nase-posljednje-upozorenje\/\" target=\"_blank\" rel=\"noopener\">&#8211; Izdvojeno.ba 30.01.24. &#8211; SINDIKAT BHRT: Do\u0161li smo do zida i ovo je na\u0161e posljednje upozorenje<\/a><\/p>\n<p><a href=\"https:\/\/analiziraj.ba\/radnici-bhrt-a-upozorili-da-moze-doci-do-prekida-programa\/\" target=\"_blank\" rel=\"noopener\">&#8211; Analiziraj.ba 30.01.24. &#8211; Radnici BHRT-a upozorili da mo\u017ee do\u0107i do prekida programa<\/a><\/p>\n<p><a href=\"https:\/\/startbih.ba\/clanak\/samostalni-sindikat-radnika-bhrt-a-mi-smo-reprezentativni-sindikat-u-javnom-rtv-servisu-bih\/229282\" target=\"_blank\" rel=\"noopener\">&#8211; StartBiH 19.01.24. &#8211; Samostalni sindikat radnika BHRT-a: Mi smo reprezentativni sindikat u Javnom RTV servisu BiH<\/a><\/p>\n<p><a href=\"https:\/\/www.klix.ba\/vijesti\/bih\/situacija-i-problemi-na-bhrt-u-stigli-i-do-drzavnog-nivoa-zasjedat-ce-komisija-za-komunikacije\/240116167\" target=\"_blank\" rel=\"noopener\">&#8211; Klix 16.01.24. Situacija i problemi na BHRT-u stigli i do dr\u017eavnog nivoa, zasjedat \u0107e Komisija za komunikacije\u00a0<\/a><\/p>\n<p><a href=\"https:\/\/bljesak.info\/gospodarstvo\/posao\/sindikat-zahtijeva-hitno-rjesavanje-finansiranja-bhrt-a-i-egzistencijalnih-pitanja-radnika\/443193\" target=\"_blank\" rel=\"noopener\">&#8211; bljesak.info 11.01.24. &#8211; Sindikat BHRT-a zahtjeva dostojne pla\u0107e, direktor tvrdi da su do\u0161li do zida &#8211; Pro\u010ditajte vi\u0161e na: https:\/\/bljesak.info\/gospodarstvo\/posao\/sindikat-zahtijeva-hitno-rjesavanje-finansiranja-bhrt-a-i-egzistencijalnih-pitanja-radnika\/443193<\/a><\/p>\n<p>&#8211; <a href=\"https:\/\/n1info.ba\/vijesti\/u-danu-uzivo-i-o-situaciji-na-bhrt\/\" target=\"_blank\" rel=\"noopener\">N1 05.01.24. &#8211; U Danu u\u017eivo i o situaciji na BHRT<\/a><\/p>\n<p>&#8211;\u00a0<a href=\"https:\/\/radiosarajevo.ba\/vijesti\/bosna-i-hercegovina\/sindikat-radnika-bhrt-a-ugrozeni-smo-i-ne-zelimo-vise-trpjeti-nepravdu\/527844\" target=\"_blank\" rel=\"noopener\">Radio Sarajevo 04.01.24. &#8211; Sindikat radnika BHRT-a: &#8216;Ugro\u017eeni smo i ne \u017eelimo vi\u0161e trpjeti nepravdu&#8217; <\/a><\/p>\n<p><iframe loading=\"lazy\" title=\"Imamovi\u0107: \u0160to prije izna\u0107i rje\u0161enje problema BHRT-a, bez ugro\u017eavanja ostala dva javna servisa\" width=\"806\" height=\"453\" src=\"https:\/\/www.youtube.com\/embed\/LaBRT-sWMyY?feature=oembed\" frameborder=\"0\" allow=\"accelerometer; autoplay; clipboard-write; encrypted-media; gyroscope; picture-in-picture; web-share\" referrerpolicy=\"strict-origin-when-cross-origin\" allowfullscreen><\/iframe><\/p>\n<p>&nbsp;<\/p>\n<p>&nbsp;<\/p>\n","protected":false},"excerpt":{"rendered":"<p>&#8211;\u00a0Radio Sarajevo 25.2.26.\u00a0 Alarm za uzbunu, Divkovi\u0107 upozorava: &#8220;Ga\u0161enje BHRT-a je generalna proba za ga\u0161enje BiH&#8221; &#8211;\u00a0Press media BiH 25.2.26.\u00a0 Rok za dogovor isti\u010de sutra: BHRT doveden pred zid, ho\u0107e li biti isklju\u010den? &#8211;\u00a0Radio Slobodna Evropa 25.2.26.\u00a0 Devet miliona razloga za brigu: Kriza Javnog servisa BiH &#8211;\u00a0 Avaz 6.12.25.\u00a0 Predsjednica Sindikata radnika BHRT-a Merima Kurtovi\u0107-Pa\u0161ali\u0107:&#8230;<\/p>\n","protected":false},"author":3,"featured_media":0,"parent":0,"menu_order":0,"comment_status":"closed","ping_status":"open","template":"","meta":{"footnotes":"","_links_to":"","_links_to_target":""},"class_list":["post-1043","page","type-page","status-publish","hentry"],"_links":{"self":[{"href":"http:\/\/bhrt-sindikat.ba\/index.php?rest_route=\/wp\/v2\/pages\/1043","targetHints":{"allow":["GET"]}}],"collection":[{"href":"http:\/\/bhrt-sindikat.ba\/index.php?rest_route=\/wp\/v2\/pages"}],"about":[{"href":"http:\/\/bhrt-sindikat.ba\/index.php?rest_route=\/wp\/v2\/types\/page"}],"author":[{"embeddable":true,"href":"http:\/\/bhrt-sindikat.ba\/index.php?rest_route=\/wp\/v2\/users\/3"}],"replies":[{"embeddable":true,"href":"http:\/\/bhrt-sindikat.ba\/index.php?rest_route=%2Fwp%2Fv2%2Fcomments&post=1043"}],"version-history":[{"count":33,"href":"http:\/\/bhrt-sindikat.ba\/index.php?rest_route=\/wp\/v2\/pages\/1043\/revisions"}],"predecessor-version":[{"id":3356,"href":"http:\/\/bhrt-sindikat.ba\/index.php?rest_route=\/wp\/v2\/pages\/1043\/revisions\/3356"}],"wp:attachment":[{"href":"http:\/\/bhrt-sindikat.ba\/index.php?rest_route=%2Fwp%2Fv2%2Fmedia&parent=1043"}],"curies":[{"name":"wp","href":"https:\/\/api.w.org\/{rel}","templated":true}]}}