
{"id":64,"date":"2015-05-08T14:42:53","date_gmt":"2015-05-08T14:42:53","guid":{"rendered":"http:\/\/bhrt-sindikat.ba\/\/?page_id=64"},"modified":"2025-11-24T21:19:33","modified_gmt":"2025-11-24T21:19:33","slug":"pravilnici","status":"publish","type":"page","link":"http:\/\/bhrt-sindikat.ba\/?page_id=64","title":{"rendered":"Pravilnici"},"content":{"rendered":"<table style=\"height: 82px;\" border=\"0\" width=\"647\">\n<tbody>\n<tr>\n<td><a href=\"http:\/\/bhrt-sindikat.ba\/wp-content\/uploads\/2025\/11\/Pravilnik-finansijska-pomoc-2025-IZMJENA-1.pdf\" target=\"_blank\" rel=\"noopener noreferrer\"><img loading=\"lazy\" decoding=\"async\" class=\"alignnone size-full wp-image-205\" src=\"http:\/\/bhrt-sindikat.ba\/\/wp-content\/uploads\/2015\/05\/pdf.jpg\" alt=\"pdf\" width=\"50\" height=\"50\" \/><\/a><\/td>\n<td>\n<div class=\"more-link clearfix\">24.11.2025.<\/div>\n<p>PRAVILNIK O DODJELI FINANSIJSKE POMO\u0106I \u010cLANOVIMA SINDIKATA<\/td>\n<\/tr>\n<tr>\n<td><a href=\"http:\/\/bhrt-sindikat.ba\/wp-content\/uploads\/2020\/11\/POSLOVNIK-UO-2020.pdf\" target=\"_blank\" rel=\"noopener noreferrer\"><img loading=\"lazy\" decoding=\"async\" class=\"alignnone size-full wp-image-205\" src=\"http:\/\/bhrt-sindikat.ba\/\/wp-content\/uploads\/2015\/05\/pdf.jpg\" alt=\"pdf\" width=\"50\" height=\"50\" \/><\/a><\/td>\n<td>\n<div class=\"more-link clearfix\">24.11.2020.<\/div>\n<p>Poslovnik o radu Upravnog odbora Samostalnog sindikata radnika u \u00a0BHRT-u<\/td>\n<\/tr>\n<\/tbody>\n<\/table>\n<table style=\"height: 82px;\" border=\"0\" width=\"647\">\n<tbody>\n<tr>\n<td><a href=\"http:\/\/bhrt-sindikat.ba\/wp-content\/uploads\/2023\/02\/Pravilnik-finansijska-pomoc-2023.pdf\" target=\"_blank\" rel=\"noopener noreferrer\"><img loading=\"lazy\" decoding=\"async\" class=\"alignnone size-full wp-image-205\" src=\"http:\/\/bhrt-sindikat.ba\/\/wp-content\/uploads\/2015\/05\/pdf.jpg\" alt=\"pdf\" width=\"50\" height=\"50\" \/><\/a><\/td>\n<td>\n<div class=\"more-link clearfix\">30.07.2020.<\/div>\n<p>Pravilnik o dodjeli materijalne i finansijske pomo\u0107i \u010dlanovima sindikata\u00a0 radnika u BHRT-u.<\/td>\n<\/tr>\n<\/tbody>\n<\/table>\n<table style=\"height: 82px;\" border=\"0\" width=\"647\">\n<tbody>\n<tr>\n<td><a href=\"http:\/\/bhrt-sindikat.ba\/wp-content\/uploads\/2016\/06\/pravilnik-pravna-pomoc.pdf\" target=\"_blank\" rel=\"noopener noreferrer\"><img loading=\"lazy\" decoding=\"async\" class=\"alignnone size-full wp-image-205\" src=\"http:\/\/bhrt-sindikat.ba\/\/wp-content\/uploads\/2015\/05\/pdf.jpg\" alt=\"pdf\" width=\"50\" height=\"50\" \/><\/a><\/td>\n<td>\n<div class=\"more-link clearfix\">09.06.2016.<\/div>\n<p>Pravilnik o pru\u017eanju pravne pomo\u0107i \u010dlanovima Samostalnog sindikata radnika u BHRT-u.<\/td>\n<\/tr>\n<\/tbody>\n<\/table>\n","protected":false},"excerpt":{"rendered":"<p>24.11.2025. PRAVILNIK O DODJELI FINANSIJSKE POMO\u0106I \u010cLANOVIMA SINDIKATA 24.11.2020. Poslovnik o radu Upravnog odbora Samostalnog sindikata radnika u \u00a0BHRT-u 30.07.2020. Pravilnik o dodjeli materijalne i finansijske pomo\u0107i \u010dlanovima sindikata\u00a0 radnika u BHRT-u. 09.06.2016. Pravilnik o pru\u017eanju pravne pomo\u0107i \u010dlanovima Samostalnog sindikata radnika u BHRT-u.<\/p>\n","protected":false},"author":3,"featured_media":0,"parent":0,"menu_order":0,"comment_status":"closed","ping_status":"open","template":"","meta":{"footnotes":"","_links_to":"","_links_to_target":""},"class_list":["post-64","page","type-page","status-publish","hentry"],"_links":{"self":[{"href":"http:\/\/bhrt-sindikat.ba\/index.php?rest_route=\/wp\/v2\/pages\/64","targetHints":{"allow":["GET"]}}],"collection":[{"href":"http:\/\/bhrt-sindikat.ba\/index.php?rest_route=\/wp\/v2\/pages"}],"about":[{"href":"http:\/\/bhrt-sindikat.ba\/index.php?rest_route=\/wp\/v2\/types\/page"}],"author":[{"embeddable":true,"href":"http:\/\/bhrt-sindikat.ba\/index.php?rest_route=\/wp\/v2\/users\/3"}],"replies":[{"embeddable":true,"href":"http:\/\/bhrt-sindikat.ba\/index.php?rest_route=%2Fwp%2Fv2%2Fcomments&post=64"}],"version-history":[{"count":4,"href":"http:\/\/bhrt-sindikat.ba\/index.php?rest_route=\/wp\/v2\/pages\/64\/revisions"}],"predecessor-version":[{"id":3252,"href":"http:\/\/bhrt-sindikat.ba\/index.php?rest_route=\/wp\/v2\/pages\/64\/revisions\/3252"}],"wp:attachment":[{"href":"http:\/\/bhrt-sindikat.ba\/index.php?rest_route=%2Fwp%2Fv2%2Fmedia&parent=64"}],"curies":[{"name":"wp","href":"https:\/\/api.w.org\/{rel}","templated":true}]}}